{"id":1112,"date":"2022-07-20T08:17:04","date_gmt":"2022-07-20T07:17:04","guid":{"rendered":"https:\/\/www.wingman.nl\/?page_id=1112"},"modified":"2022-12-13T09:32:03","modified_gmt":"2022-12-13T08:32:03","slug":"uitkoopprocedure","status":"publish","type":"page","link":"https:\/\/www.wingman.nl\/nl\/waardering-bij-geschillen\/uitkoopprocedure\/","title":{"rendered":"Waarderen bij uitkoopprocedures"},"content":{"rendered":"<p>[et_pb_section fb_built=&#8221;1&#8243; custom_padding_last_edited=&#8221;on|phone&#8221; module_id=&#8221;vervolgslide&#8221; _builder_version=&#8221;4.18.1&#8243; _module_preset=&#8221;default&#8221; background_image=&#8221;https:\/\/www.wingman.nl\/wp-content\/uploads\/2022\/11\/Wingman_Business_Valuation7-scaled.jpg&#8221; background_position=&#8221;top_right&#8221; custom_padding=&#8221;4%||30px||false|false&#8221; custom_padding_tablet=&#8221;4%||30px||false|false&#8221; custom_padding_phone=&#8221;4%||20px||false|false&#8221; background_last_edited=&#8221;on|phone&#8221; use_background_color_gradient_phone=&#8221;off&#8221; background_image_phone=&#8221;https:\/\/www.wingman.nl\/wp-content\/uploads\/2022\/11\/Wingman_Business_Valuation7-scaled.jpg&#8221; background_enable_image_phone=&#8221;on&#8221; background_size_phone=&#8221;cover&#8221; background_image_height_phone=&#8221;83%&#8221; background_position_tablet=&#8221;bottom_right&#8221; background_position_phone=&#8221;center_right&#8221; background_horizontal_offset_phone=&#8221;0%&#8221; background_vertical_offset_phone=&#8221;0%&#8221; global_colors_info=&#8221;{}&#8221;][et_pb_row use_custom_gutter=&#8221;on&#8221; custom_padding_last_edited=&#8221;on|phone&#8221; module_class=&#8221;titelbalk&#8221; _builder_version=&#8221;4.17.4&#8243; _module_preset=&#8221;default&#8221; background_enable_color=&#8221;off&#8221; z_index=&#8221;1&#8243; custom_margin=&#8221;130px||||false|false&#8221; custom_margin_tablet=&#8221;150px||||false|false&#8221; custom_margin_phone=&#8221;145px||-30px||false|false&#8221; custom_margin_last_edited=&#8221;on|phone&#8221; custom_padding=&#8221;||15px||false|false&#8221; custom_padding_tablet=&#8221;0px||0px||false|false&#8221; custom_padding_phone=&#8221;3px|15px|10px|15px|false|false&#8221; background_color_tablet=&#8221;#FFFFFF&#8221; background_color_phone=&#8221;#FFFFFF&#8221; background_last_edited=&#8221;on|tablet&#8221; background_enable_color_tablet=&#8221;on&#8221; background_enable_color_phone=&#8221;on&#8221; border_width_top=&#8221;0px&#8221; border_color_top=&#8221;#0072CE&#8221; border_width_top_tablet=&#8221;0px&#8221; border_width_top_phone=&#8221;4px&#8221; border_width_top_last_edited=&#8221;on|phone&#8221; box_shadow_style=&#8221;preset1&#8243; box_shadow_vertical=&#8221;0px&#8221; box_shadow_blur=&#8221;0px&#8221; box_shadow_color=&#8221;RGBA(255,255,255,0)&#8221; box_shadow_vertical_tablet=&#8221;0px&#8221; box_shadow_vertical_phone=&#8221;6px&#8221; box_shadow_vertical_last_edited=&#8221;on|desktop&#8221; box_shadow_blur_tablet=&#8221;0px&#8221; box_shadow_blur_phone=&#8221;12px&#8221; box_shadow_blur_last_edited=&#8221;on|desktop&#8221; box_shadow_color_tablet=&#8221;RGBA(255,255,255,0)&#8221; box_shadow_color_phone=&#8221;rgba(0,0,0,0.3)&#8221; box_shadow_color_last_edited=&#8221;on|phone&#8221; global_colors_info=&#8221;{}&#8221;][et_pb_column type=&#8221;4_4&#8243; _builder_version=&#8221;4.16&#8243; _module_preset=&#8221;default&#8221; animation_style=&#8221;slide&#8221; animation_direction=&#8221;bottom&#8221; animation_duration=&#8221;1200ms&#8221; animation_intensity_slide=&#8221;10%&#8221; animation_speed_curve=&#8221;ease&#8221; background_last_edited=&#8221;off|phone&#8221; border_color_top=&#8221;#0072CE&#8221; border_width_top_tablet=&#8221;6px&#8221; border_width_top_phone=&#8221;0px&#8221; border_width_top_last_edited=&#8221;on|phone&#8221; global_colors_info=&#8221;{}&#8221;][et_pb_blurb title=&#8221;@ET-DC@eyJkeW5hbWljIjp0cnVlLCJjb250ZW50IjoicG9zdF90aXRsZSIsInNldHRpbmdzIjp7ImJlZm9yZSI6IiIsImFmdGVyIjoiIn19@&#8221; image=&#8221;https:\/\/www.wingman.nl\/wp-content\/uploads\/2022\/03\/Wingman_Geschillen_icon.svg&#8221; icon_placement=&#8221;left&#8221; image_icon_width=&#8221;100px&#8221; content_max_width=&#8221;410px&#8221; image_icon_width_tablet=&#8221;75px&#8221; image_icon_width_phone=&#8221;35px&#8221; image_icon_width_last_edited=&#8221;on|phone&#8221; _builder_version=&#8221;4.18.1&#8243; _dynamic_attributes=&#8221;title&#8221; _module_preset=&#8221;default&#8221; header_level=&#8221;h1&#8243; header_font=&#8221;||||||||&#8221; header_font_size=&#8221;35px&#8221; header_line_height=&#8221;1.2em&#8221; background_enable_color=&#8221;off&#8221; image_icon_custom_margin=&#8221;||||false|false&#8221; image_icon_custom_padding=&#8221;20px||||false|false&#8221; image_icon_custom_padding_tablet=&#8221;24px||||false|false&#8221; image_icon_custom_padding_phone=&#8221;0px||||false|false&#8221; image_icon_custom_padding_last_edited=&#8221;on|phone&#8221; module_alignment=&#8221;right&#8221; custom_margin=&#8221;||||false|false&#8221; custom_padding=&#8221;20px||20px||false|false&#8221; custom_padding_tablet=&#8221;20px|||20px|false|false&#8221; custom_padding_phone=&#8221;10px||3px|0px|false|false&#8221; custom_padding_last_edited=&#8221;on|desktop&#8221; header_font_size_tablet=&#8221;34px&#8221; header_font_size_phone=&#8221;20px&#8221; header_font_size_last_edited=&#8221;on|phone&#8221; custom_css_blurb_title=&#8221;padding-top: 22px;&#8221; global_colors_info=&#8221;{}&#8221; custom_css_blurb_title_last_edited=&#8221;on|phone&#8221; custom_css_blurb_title_phone=&#8221;padding-top: 10px;&#8221; custom_css_blurb_title_tablet=&#8221;padding-top: 22px;&#8221;][\/et_pb_blurb][\/et_pb_column][\/et_pb_row][\/et_pb_section][et_pb_section fb_built=&#8221;1&#8243; custom_padding_last_edited=&#8221;on|phone&#8221; _builder_version=&#8221;4.17.4&#8243; _module_preset=&#8221;default&#8221; background_enable_image=&#8221;off&#8221; background_size=&#8221;custom&#8221; background_image_width=&#8221;12%&#8221; background_position=&#8221;top_right&#8221; background_horizontal_offset=&#8221;0%&#8221; background_vertical_offset=&#8221;0%&#8221; custom_padding=&#8221;||4px||false|false&#8221; custom_padding_tablet=&#8221;&#8221; custom_padding_phone=&#8221;0px||||false|false&#8221; background_last_edited=&#8221;off|desktop&#8221; background_enable_image_phone=&#8221;off&#8221; background_image_width_tablet=&#8221;25%&#8221; global_colors_info=&#8221;{}&#8221;][et_pb_row column_structure=&#8221;1_3,2_3&#8243; use_custom_gutter=&#8221;on&#8221; gutter_width=&#8221;4&#8243; custom_padding_last_edited=&#8221;on|phone&#8221; _builder_version=&#8221;4.17.4&#8243; _module_preset=&#8221;default&#8221; custom_margin=&#8221;0px|auto||auto|false|false&#8221; custom_margin_tablet=&#8221;0px|auto|-7px|auto|false|false&#8221; custom_margin_phone=&#8221;0px|auto|40px|auto|false|false&#8221; custom_margin_last_edited=&#8221;on|phone&#8221; custom_padding=&#8221;||40px||false|false&#8221; custom_padding_tablet=&#8221;&#8221; custom_padding_phone=&#8221;||0px||false|false&#8221; global_colors_info=&#8221;{}&#8221;][et_pb_column type=&#8221;1_3&#8243; module_id=&#8221;diensten-zijbalk&#8221; _builder_version=&#8221;4.17.4&#8243; _module_preset=&#8221;default&#8221; global_colors_info=&#8221;{}&#8221;][et_pb_sidebar area=&#8221;et_pb_widget_area_2&#8243; show_border=&#8221;off&#8221; disabled_on=&#8221;on|on|off&#8221; _builder_version=&#8221;4.17.4&#8243; _module_preset=&#8221;default&#8221; header_font=&#8221;||||||||&#8221; body_font=&#8221;|300|||||||&#8221; body_text_color=&#8221;#002663&#8243; body_font_size=&#8221;17px&#8221; body_line_height=&#8221;1.6em&#8221; custom_margin_tablet=&#8221;&#8221; custom_margin_phone=&#8221;20px||||false|false&#8221; custom_margin_last_edited=&#8221;on|desktop&#8221; body_font_size_tablet=&#8221;18px&#8221; body_font_size_phone=&#8221;16px&#8221; body_font_size_last_edited=&#8221;on|phone&#8221; global_module=&#8221;1240&#8243; saved_tabs=&#8221;all&#8221; global_colors_info=&#8221;{}&#8221;][\/et_pb_sidebar][\/et_pb_column][et_pb_column type=&#8221;2_3&#8243; _builder_version=&#8221;4.16&#8243; _module_preset=&#8221;default&#8221; global_colors_info=&#8221;{}&#8221;][et_pb_text _builder_version=&#8221;4.17.4&#8243; _module_preset=&#8221;default&#8221; text_font=&#8221;|300|||||||&#8221; text_font_size=&#8221;18px&#8221; text_line_height=&#8221;1.6em&#8221; custom_padding=&#8221;0px||||false|false&#8221; custom_padding_tablet=&#8221;20px||||false|false&#8221; custom_padding_phone=&#8221;0px||0px||false|false&#8221; custom_padding_last_edited=&#8221;on|phone&#8221; animation_style=&#8221;slide&#8221; animation_direction=&#8221;bottom&#8221; animation_duration=&#8221;1200ms&#8221; animation_intensity_slide=&#8221;5%&#8221; animation_speed_curve=&#8221;ease&#8221; text_font_size_tablet=&#8221;20px&#8221; text_font_size_phone=&#8221;16px&#8221; text_font_size_last_edited=&#8221;on|phone&#8221; global_colors_info=&#8221;{}&#8221;]<\/p>\n<p>Als een grootaandeelhouder m\u00e9\u00e9r dan 95% van de aandelen in een onderneming bezit mag hij een uitkoopprocedure starten om de resterende aandelen in handen te krijgen. De minderheidsaandeelhouder wordt dan verplicht haar eigendom over te dragen. Bij een openbaar bod ter bepaling van de uitkoopprijs kan in bepaalde gevallen worden aangesloten bij de biedprijs en de datum van betaalbaarstelling. Dan is een separaat waarderingsrapport veelal niet meer nodig.<\/p>\n<p>[\/et_pb_text][et_pb_text module_class=&#8221;paginatekst&#8221; _builder_version=&#8221;4.17.4&#8243; _module_preset=&#8221;default&#8221; text_font=&#8221;|300|||||||&#8221; text_font_size=&#8221;18px&#8221; text_line_height=&#8221;1.6em&#8221; header_2_font=&#8221;|300|||||||&#8221; header_2_text_color=&#8221;#0C71C3&#8243; header_2_line_height=&#8221;1.3em&#8221; custom_margin=&#8221;||||false|false&#8221; custom_padding=&#8221;||||false|false&#8221; animation_style=&#8221;slide&#8221; animation_direction=&#8221;bottom&#8221; animation_duration=&#8221;1200ms&#8221; animation_intensity_slide=&#8221;5%&#8221; animation_speed_curve=&#8221;ease&#8221; text_font_size_tablet=&#8221;18px&#8221; text_font_size_phone=&#8221;16px&#8221; text_font_size_last_edited=&#8221;on|phone&#8221; header_2_font_size_tablet=&#8221;&#8221; header_2_font_size_phone=&#8221;22px&#8221; header_2_font_size_last_edited=&#8221;on|phone&#8221; global_colors_info=&#8221;{}&#8221;]<\/p>\n<h2>Onafhankelijk waarderingsrapport<\/h2>\n<p>Als in de uitkoopprocedures niet kan worden aangesloten bij een openbaar bod (bijvoorbeeld omdat er geen openbaar bod is geweest of dat bod al ver in het verleden ligt) kan de uitkoopprijs worden bepaald op basis van een onafhankelijk waarderingsrapport. De datum van het waarderingsrapport wordt dan zoveel mogelijk gelijkgesteld aan de peildatum ter vaststelling van de uitkoopprijs. Aangezien deze datum v\u00f3\u00f3r de dagvaardingsdatum kan liggen kan er een effici\u00ebnte procedure worden gevolgd. Het waarderingshuiswerk is immers al gedaan.<\/p>\n<h2>Wat kunnen wij voor u betekenen?<\/h2>\n<p>Wingman Business Valuation is in het recente verleden bij meerdere uitkoopprocedures betrokken geweest. Hierbij zijn wij ofwel aangesteld door de Ondernemingskamer als onafhankelijke deskundige, of hebben wij in opdracht van de uitkopende partij een waarderingsrapport opgesteld die in de uitkoopprocedure is ingebracht. Wij kennen dus het klappen van de zweep.<\/p>\n<p>[\/et_pb_text][\/et_pb_column][\/et_pb_row][et_pb_row column_structure=&#8221;1_3,1_3,1_3&#8243; use_custom_gutter=&#8221;on&#8221; gutter_width=&#8221;4&#8243; _builder_version=&#8221;4.17.4&#8243; _module_preset=&#8221;default&#8221; custom_margin=&#8221;||50px||false|false&#8221; global_module=&#8221;1614&#8243; global_colors_info=&#8221;{}&#8221;][et_pb_column type=&#8221;1_3&#8243; _builder_version=&#8221;4.17.4&#8243; _module_preset=&#8221;default&#8221; global_colors_info=&#8221;{}&#8221;][\/et_pb_column][et_pb_column type=&#8221;1_3&#8243; _builder_version=&#8221;4.17.4&#8243; _module_preset=&#8221;default&#8221; global_colors_info=&#8221;{}&#8221;][et_pb_button button_url=&#8221;@ET-DC@eyJkeW5hbWljIjp0cnVlLCJjb250ZW50IjoicG9zdF9saW5rX3VybF9wYWdlIiwic2V0dGluZ3MiOnsicG9zdF9pZCI6IjEzNzcifX0=@&#8221; button_text=&#8221;Meer informatie&#8221; button_alignment=&#8221;center&#8221; button_text_last_edited=&#8221;off|desktop&#8221; _builder_version=&#8221;4.17.4&#8243; _dynamic_attributes=&#8221;button_url&#8221; _module_preset=&#8221;default&#8221; custom_button=&#8221;on&#8221; button_text_size=&#8221;18px&#8221; button_bg_color=&#8221;#002663&#8243; button_border_radius=&#8221;0px&#8221; button_font=&#8221;|300|||||||&#8221; custom_margin_tablet=&#8221;&#8221; custom_margin_phone=&#8221;||0px||false|false&#8221; custom_margin_last_edited=&#8221;on|phone&#8221; custom_padding=&#8221;12px||12px||false|false&#8221; button_text_size_tablet=&#8221;&#8221; button_text_size_phone=&#8221;16px&#8221; button_text_size_last_edited=&#8221;on|phone&#8221; custom_css_main_element=&#8221;width: 100%;&#8221; box_shadow_style=&#8221;preset2&#8243; box_shadow_blur=&#8221;12px&#8221; box_shadow_color=&#8221;rgba(0,0,0,0.5)&#8221; global_colors_info=&#8221;{}&#8221; custom_css_main_element_last_edited=&#8221;off|desktop&#8221; custom_css_main_element_phone=&#8221;width: 100%;||float: none;||margin-right: 0px;||margin-bottom: 0px;&#8221; custom_css_main_element_tablet=&#8221;width: 300px;||float: left;&#8221;][\/et_pb_button][\/et_pb_column][et_pb_column type=&#8221;1_3&#8243; _builder_version=&#8221;4.17.4&#8243; _module_preset=&#8221;default&#8221; global_colors_info=&#8221;{}&#8221;][et_pb_button button_url=&#8221;@ET-DC@eyJkeW5hbWljIjp0cnVlLCJjb250ZW50IjoicG9zdF9saW5rX3VybF9wYWdlIiwic2V0dGluZ3MiOnsicG9zdF9pZCI6IjEzOTEifX0=@&#8221; button_text=&#8221;Bel mij&#8221; button_alignment=&#8221;center&#8221; _builder_version=&#8221;4.17.4&#8243; _dynamic_attributes=&#8221;button_url&#8221; _module_preset=&#8221;default&#8221; custom_button=&#8221;on&#8221; button_text_size=&#8221;18px&#8221; button_text_color=&#8221;#FFFFFF&#8221; button_bg_color=&#8221;#002663&#8243; button_border_radius=&#8221;0px&#8221; button_font=&#8221;|300|||||||&#8221; custom_padding=&#8221;12px||12px||false|false&#8221; button_text_size_tablet=&#8221;&#8221; button_text_size_phone=&#8221;16px&#8221; button_text_size_last_edited=&#8221;on|phone&#8221; custom_css_main_element=&#8221;width: 100%;&#8221; box_shadow_style=&#8221;preset2&#8243; box_shadow_blur=&#8221;12px&#8221; box_shadow_color=&#8221;rgba(0,0,0,0.5)&#8221; global_colors_info=&#8221;{}&#8221; custom_css_main_element_last_edited=&#8221;off|desktop&#8221; custom_css_main_element_phone=&#8221;width: 100%;||float: none;||margin-right: 0px;||margin-bottom: 0px;&#8221; custom_css_main_element_tablet=&#8221;width: 300px;||float: left;&#8221;][\/et_pb_button][\/et_pb_column][\/et_pb_row][\/et_pb_section]<\/p>\n","protected":false},"excerpt":{"rendered":"<p>Als een grootaandeelhouder m\u00e9\u00e9r dan 95% van de aandelen in een onderneming bezit mag hij een uitkoopprocedure starten om de resterende aandelen in handen te krijgen. De minderheidsaandeelhouder wordt dan verplicht haar eigendom over te dragen. Bij een openbaar bod ter bepaling van de uitkoopprijs kan in bepaalde gevallen worden aangesloten bij de biedprijs en [&hellip;]<\/p>\n","protected":false},"author":2,"featured_media":0,"parent":1102,"menu_order":0,"comment_status":"closed","ping_status":"closed","template":"","meta":{"_et_pb_use_builder":"on","_et_pb_old_content":"","_et_gb_content_width":"","footnotes":""},"class_list":["post-1112","page","type-page","status-publish","hentry"],"yoast_head":"<!-- This site is optimized with the Yoast SEO plugin v25.8 - https:\/\/yoast.com\/wordpress\/plugins\/seo\/ -->\n<title>Een onafhankelijk waarderingsrapport versnelt de uitkoopprocedure \u00bb Wingman Business Valuation<\/title>\n<meta name=\"description\" content=\"Wingman Business Valuation is uw professionele partner bij de waardering in het kader van uitkoopprocedures\" \/>\n<meta name=\"robots\" content=\"index, follow, max-snippet:-1, max-image-preview:large, max-video-preview:-1\" \/>\n<link rel=\"canonical\" href=\"https:\/\/www.wingman.nl\/nl\/waardering-bij-geschillen\/uitkoopprocedure\/\" \/>\n<meta property=\"og:locale\" content=\"nl_NL\" \/>\n<meta property=\"og:type\" content=\"article\" \/>\n<meta property=\"og:title\" content=\"Een onafhankelijk waarderingsrapport versnelt de uitkoopprocedure \u00bb Wingman Business Valuation\" \/>\n<meta property=\"og:description\" content=\"Wingman Business Valuation is uw professionele partner bij de waardering in het kader van uitkoopprocedures\" \/>\n<meta property=\"og:url\" content=\"https:\/\/www.wingman.nl\/nl\/waardering-bij-geschillen\/uitkoopprocedure\/\" \/>\n<meta property=\"og:site_name\" content=\"Wingman Business Valuation\" \/>\n<meta property=\"article:modified_time\" content=\"2022-12-13T08:32:03+00:00\" \/>\n<meta name=\"twitter:card\" content=\"summary_large_image\" \/>\n<meta name=\"twitter:label1\" content=\"Geschatte leestijd\" \/>\n\t<meta name=\"twitter:data1\" content=\"3 minuten\" \/>\n<script type=\"application\/ld+json\" class=\"yoast-schema-graph\">{\"@context\":\"https:\/\/schema.org\",\"@graph\":[{\"@type\":\"WebPage\",\"@id\":\"https:\/\/www.wingman.nl\/nl\/waardering-bij-geschillen\/uitkoopprocedure\/\",\"url\":\"https:\/\/www.wingman.nl\/nl\/waardering-bij-geschillen\/uitkoopprocedure\/\",\"name\":\"Een onafhankelijk waarderingsrapport versnelt de uitkoopprocedure \u00bb Wingman Business Valuation\",\"isPartOf\":{\"@id\":\"https:\/\/www.wingman.nl\/nl\/#website\"},\"datePublished\":\"2022-07-20T07:17:04+00:00\",\"dateModified\":\"2022-12-13T08:32:03+00:00\",\"description\":\"Wingman Business Valuation is uw professionele partner bij de waardering in het kader van uitkoopprocedures\",\"breadcrumb\":{\"@id\":\"https:\/\/www.wingman.nl\/nl\/waardering-bij-geschillen\/uitkoopprocedure\/#breadcrumb\"},\"inLanguage\":\"nl-NL\",\"potentialAction\":[{\"@type\":\"ReadAction\",\"target\":[\"https:\/\/www.wingman.nl\/nl\/waardering-bij-geschillen\/uitkoopprocedure\/\"]}]},{\"@type\":\"BreadcrumbList\",\"@id\":\"https:\/\/www.wingman.nl\/nl\/waardering-bij-geschillen\/uitkoopprocedure\/#breadcrumb\",\"itemListElement\":[{\"@type\":\"ListItem\",\"position\":1,\"name\":\"Home\",\"item\":\"https:\/\/www.wingman.nl\/nl\/\"},{\"@type\":\"ListItem\",\"position\":2,\"name\":\"Waardering bij geschillen\",\"item\":\"https:\/\/www.wingman.nl\/nl\/waardering-bij-geschillen\/\"},{\"@type\":\"ListItem\",\"position\":3,\"name\":\"Waarderen bij uitkoopprocedures\"}]},{\"@type\":\"WebSite\",\"@id\":\"https:\/\/www.wingman.nl\/nl\/#website\",\"url\":\"https:\/\/www.wingman.nl\/nl\/\",\"name\":\"Wingman Business Valuation\",\"description\":\"\",\"publisher\":{\"@id\":\"https:\/\/www.wingman.nl\/nl\/#organization\"},\"potentialAction\":[{\"@type\":\"SearchAction\",\"target\":{\"@type\":\"EntryPoint\",\"urlTemplate\":\"https:\/\/www.wingman.nl\/nl\/?s={search_term_string}\"},\"query-input\":{\"@type\":\"PropertyValueSpecification\",\"valueRequired\":true,\"valueName\":\"search_term_string\"}}],\"inLanguage\":\"nl-NL\"},{\"@type\":\"Organization\",\"@id\":\"https:\/\/www.wingman.nl\/nl\/#organization\",\"name\":\"Wingman Business Valuation\",\"url\":\"https:\/\/www.wingman.nl\/nl\/\",\"logo\":{\"@type\":\"ImageObject\",\"inLanguage\":\"nl-NL\",\"@id\":\"https:\/\/www.wingman.nl\/nl\/#\/schema\/logo\/image\/\",\"url\":\"https:\/\/www.wingman.nl\/wp-content\/uploads\/2022\/12\/LogoWingmanBV-rgb.jpg\",\"contentUrl\":\"https:\/\/www.wingman.nl\/wp-content\/uploads\/2022\/12\/LogoWingmanBV-rgb.jpg\",\"width\":800,\"height\":429,\"caption\":\"Wingman Business Valuation\"},\"image\":{\"@id\":\"https:\/\/www.wingman.nl\/nl\/#\/schema\/logo\/image\/\"}}]}<\/script>\n<!-- \/ Yoast SEO plugin. -->","yoast_head_json":{"title":"Een onafhankelijk waarderingsrapport versnelt de uitkoopprocedure \u00bb Wingman Business Valuation","description":"Wingman Business Valuation is uw professionele partner bij de waardering in het kader van uitkoopprocedures","robots":{"index":"index","follow":"follow","max-snippet":"max-snippet:-1","max-image-preview":"max-image-preview:large","max-video-preview":"max-video-preview:-1"},"canonical":"https:\/\/www.wingman.nl\/nl\/waardering-bij-geschillen\/uitkoopprocedure\/","og_locale":"nl_NL","og_type":"article","og_title":"Een onafhankelijk waarderingsrapport versnelt de uitkoopprocedure \u00bb Wingman Business Valuation","og_description":"Wingman Business Valuation is uw professionele partner bij de waardering in het kader van uitkoopprocedures","og_url":"https:\/\/www.wingman.nl\/nl\/waardering-bij-geschillen\/uitkoopprocedure\/","og_site_name":"Wingman Business Valuation","article_modified_time":"2022-12-13T08:32:03+00:00","twitter_card":"summary_large_image","twitter_misc":{"Geschatte leestijd":"3 minuten"},"schema":{"@context":"https:\/\/schema.org","@graph":[{"@type":"WebPage","@id":"https:\/\/www.wingman.nl\/nl\/waardering-bij-geschillen\/uitkoopprocedure\/","url":"https:\/\/www.wingman.nl\/nl\/waardering-bij-geschillen\/uitkoopprocedure\/","name":"Een onafhankelijk waarderingsrapport versnelt de uitkoopprocedure \u00bb Wingman Business Valuation","isPartOf":{"@id":"https:\/\/www.wingman.nl\/nl\/#website"},"datePublished":"2022-07-20T07:17:04+00:00","dateModified":"2022-12-13T08:32:03+00:00","description":"Wingman Business Valuation is uw professionele partner bij de waardering in het kader van uitkoopprocedures","breadcrumb":{"@id":"https:\/\/www.wingman.nl\/nl\/waardering-bij-geschillen\/uitkoopprocedure\/#breadcrumb"},"inLanguage":"nl-NL","potentialAction":[{"@type":"ReadAction","target":["https:\/\/www.wingman.nl\/nl\/waardering-bij-geschillen\/uitkoopprocedure\/"]}]},{"@type":"BreadcrumbList","@id":"https:\/\/www.wingman.nl\/nl\/waardering-bij-geschillen\/uitkoopprocedure\/#breadcrumb","itemListElement":[{"@type":"ListItem","position":1,"name":"Home","item":"https:\/\/www.wingman.nl\/nl\/"},{"@type":"ListItem","position":2,"name":"Waardering bij geschillen","item":"https:\/\/www.wingman.nl\/nl\/waardering-bij-geschillen\/"},{"@type":"ListItem","position":3,"name":"Waarderen bij uitkoopprocedures"}]},{"@type":"WebSite","@id":"https:\/\/www.wingman.nl\/nl\/#website","url":"https:\/\/www.wingman.nl\/nl\/","name":"Wingman Business Valuation","description":"","publisher":{"@id":"https:\/\/www.wingman.nl\/nl\/#organization"},"potentialAction":[{"@type":"SearchAction","target":{"@type":"EntryPoint","urlTemplate":"https:\/\/www.wingman.nl\/nl\/?s={search_term_string}"},"query-input":{"@type":"PropertyValueSpecification","valueRequired":true,"valueName":"search_term_string"}}],"inLanguage":"nl-NL"},{"@type":"Organization","@id":"https:\/\/www.wingman.nl\/nl\/#organization","name":"Wingman Business Valuation","url":"https:\/\/www.wingman.nl\/nl\/","logo":{"@type":"ImageObject","inLanguage":"nl-NL","@id":"https:\/\/www.wingman.nl\/nl\/#\/schema\/logo\/image\/","url":"https:\/\/www.wingman.nl\/wp-content\/uploads\/2022\/12\/LogoWingmanBV-rgb.jpg","contentUrl":"https:\/\/www.wingman.nl\/wp-content\/uploads\/2022\/12\/LogoWingmanBV-rgb.jpg","width":800,"height":429,"caption":"Wingman Business Valuation"},"image":{"@id":"https:\/\/www.wingman.nl\/nl\/#\/schema\/logo\/image\/"}}]}},"_links":{"self":[{"href":"https:\/\/www.wingman.nl\/nl\/wp-json\/wp\/v2\/pages\/1112","targetHints":{"allow":["GET"]}}],"collection":[{"href":"https:\/\/www.wingman.nl\/nl\/wp-json\/wp\/v2\/pages"}],"about":[{"href":"https:\/\/www.wingman.nl\/nl\/wp-json\/wp\/v2\/types\/page"}],"author":[{"embeddable":true,"href":"https:\/\/www.wingman.nl\/nl\/wp-json\/wp\/v2\/users\/2"}],"replies":[{"embeddable":true,"href":"https:\/\/www.wingman.nl\/nl\/wp-json\/wp\/v2\/comments?post=1112"}],"version-history":[{"count":12,"href":"https:\/\/www.wingman.nl\/nl\/wp-json\/wp\/v2\/pages\/1112\/revisions"}],"predecessor-version":[{"id":2630,"href":"https:\/\/www.wingman.nl\/nl\/wp-json\/wp\/v2\/pages\/1112\/revisions\/2630"}],"up":[{"embeddable":true,"href":"https:\/\/www.wingman.nl\/nl\/wp-json\/wp\/v2\/pages\/1102"}],"wp:attachment":[{"href":"https:\/\/www.wingman.nl\/nl\/wp-json\/wp\/v2\/media?parent=1112"}],"curies":[{"name":"wp","href":"https:\/\/api.w.org\/{rel}","templated":true}]}}